{"id":395,"date":"2023-11-04T19:56:34","date_gmt":"2023-11-04T18:56:34","guid":{"rendered":"https:\/\/fellowbeasts.de\/?page_id=395"},"modified":"2025-12-16T10:24:39","modified_gmt":"2025-12-16T09:24:39","slug":"privacy-policy","status":"publish","type":"page","link":"https:\/\/fellowbeasts.de\/en\/privacy-policy\/","title":{"rendered":"Datenschutz"},"content":{"rendered":"<h2 class=\"wp-block-heading\">Datenschutzerkl\u00e4rung<\/h2>\n\n\n\n<p>Personenbezogene Daten (nachfolgend zumeist nur \u201eDaten\u201c genannt) werden von uns nur im Rahmen der Erforderlichkeit sowie zum Zwecke der Bereitstellung eines funktionsf\u00e4higen und nutzerfreundlichen Internetauftritts, inklusive seiner Inhalte und der dort angebotenen Leistungen, verarbeitet.<\/p>\n\n\n\n<p>Gem\u00e4\u00df Art. 4 Ziffer 1. der Verordnung (EU) 2016\/679, also der Datenschutz-Grundverordnung (nachfolgend nur \u201eDSGVO\u201c genannt), gilt als \u201eVerarbeitung\u201c jeder mit oder ohne Hilfe automatisierter Verfahren ausgef\u00fchrter Vorgang oder jede solche Vorgangsreihe im Zusammenhang mit personenbezogenen Daten, wie das Erheben, das Erfassen, die Organisation, das Ordnen, die Speicherung, die Anpassung oder Ver\u00e4nderung, das Auslesen, das Abfragen, die Verwendung, die Offenlegung durch \u00dcbermittlung, Verbreitung oder eine andere Form der Bereitstellung, den Abgleich oder die Verkn\u00fcpfung, die Einschr\u00e4nkung, das L\u00f6schen oder die Vernichtung.<\/p>\n\n\n\n<p>Mit der nachfolgenden Datenschutzerkl\u00e4rung informieren wir Sie insbesondere \u00fcber Art, Umfang, Zweck, Dauer und Rechtsgrundlage der Verarbeitung personenbezogener Daten, soweit wir entweder allein oder gemeinsam mit anderen \u00fcber die Zwecke und Mittel der Verarbeitung entscheiden. Zudem informieren wir Sie nachfolgend \u00fcber die von uns zu Optimierungszwecken sowie zur Steigerung der Nutzungsqualit\u00e4t eingesetzten Fremdkomponenten, soweit hierdurch Dritte Daten in wiederum eigener Verantwortung verarbeiten.<\/p>\n\n\n\n<p>Unsere Datenschutzerkl\u00e4rung ist wie folgt gegliedert:<\/p>\n\n\n\n<p><strong>I. Informationen \u00fcber uns als Verantwortliche<\/strong><br><strong>II. Rechte der Nutzer und Betroffenen<\/strong><br><strong>III. Informationen zur Datenverarbeitung<\/strong><\/p>\n\n\n\n<h3 class=\"wp-block-heading\">I. Informationen \u00fcber uns als Verantwortliche<\/h3>\n\n\n\n<p>Dies ist eine private, nicht kommerzielle Website. Aus Datenschutzgr\u00fcnden im eigenen Interesse wird daher die Privatadresse nicht genannt.<\/p>\n\n\n\n<h3 class=\"wp-block-heading\">II. Rechte der Nutzer und Betroffenen<\/h3>\n\n\n\n<p>Mit Blick auf die nachfolgend noch n\u00e4her beschriebene Datenverarbeitung haben die Nutzer und Betroffenen das Recht<\/p>\n\n\n\n<ul class=\"wp-block-list\">\n<li>auf Best\u00e4tigung, ob sie betreffende Daten verarbeitet werden, auf Auskunft \u00fcber die verarbeiteten Daten, auf weitere Informationen \u00fcber die Datenverarbeitung sowie auf Kopien der Daten (vgl. auch Art. 15 DSGVO);<\/li>\n\n\n\n<li>auf Berichtigung oder Vervollst\u00e4ndigung unrichtiger bzw. unvollst\u00e4ndiger Daten (vgl. auch Art. 16 DSGVO);<\/li>\n\n\n\n<li>auf unverz\u00fcgliche L\u00f6schung der sie betreffenden Daten (vgl. auch Art. 17 DSGVO), oder, alternativ, soweit eine weitere Verarbeitung gem\u00e4\u00df Art. 17 Abs. 3 DSGVO erforderlich ist, auf Einschr\u00e4nkung der Verarbeitung nach Ma\u00dfgabe von Art. 18 DSGVO;<\/li>\n\n\n\n<li>auf Erhalt der sie betreffenden und von ihnen bereitgestellten Daten und auf \u00dcbermittlung dieser Daten an andere Anbieter\/Verantwortliche (vgl. auch Art. 20 DSGVO);<\/li>\n\n\n\n<li>auf Beschwerde gegen\u00fcber der Aufsichtsbeh\u00f6rde, sofern sie der Ansicht sind, dass die sie betreffenden Daten durch den Anbieter unter Versto\u00df gegen datenschutzrechtliche Bestimmungen verarbeitet werden (vgl. auch Art. 77 DSGVO).<\/li>\n<\/ul>\n\n\n\n<p>Dar\u00fcber hinaus ist der Anbieter dazu verpflichtet, alle Empf\u00e4nger, denen gegen\u00fcber Daten durch den Anbieter offengelegt worden sind, \u00fcber jedwede Berichtigung oder L\u00f6schung von Daten oder die Einschr\u00e4nkung der Verarbeitung, die aufgrund der Artikel 16, 17 Abs. 1, 18 DSGVO erfolgt, zu unterrichten. Diese Verpflichtung besteht jedoch nicht, soweit diese Mitteilung unm\u00f6glich oder mit einem unverh\u00e4ltnism\u00e4\u00dfigen Aufwand verbunden ist. Unbeschadet dessen hat der Nutzer ein Recht auf Auskunft \u00fcber diese Empf\u00e4nger.<\/p>\n\n\n\n<p><strong>Ebenfalls haben die Nutzer und Betroffenen nach Art. 21 DSGVO das Recht auf Widerspruch gegen die k\u00fcnftige Verarbeitung der sie betreffenden Daten, sofern die Daten durch den Anbieter nach Ma\u00dfgabe von Art. 6 Abs. 1 lit. f) DSGVO verarbeitet werden. Insbesondere ist ein Widerspruch gegen die Datenverarbeitung zum Zwecke der Direktwerbung statthaft.<\/strong><\/p>\n\n\n\n<h3 class=\"wp-block-heading\">III. Informationen zur Datenverarbeitung<\/h3>\n\n\n\n<p>Ihre bei Nutzung unseres Internetauftritts verarbeiteten Daten werden gel\u00f6scht oder gesperrt, sobald der Zweck der Speicherung entf\u00e4llt, der L\u00f6schung der Daten keine gesetzlichen Aufbewahrungspflichten entgegenstehen und nachfolgend keine anderslautenden Angaben zu einzelnen Verarbeitungsverfahren gemacht werden.<\/p>\n\n\n\n<h4 class=\"wp-block-heading\">Serverdaten<\/h4>\n\n\n\n<p>Aus technischen Gr\u00fcnden, insbesondere zur Gew\u00e4hrleistung eines sicheren und stabilen Internetauftritts, werden Daten durch Ihren Internet-Browser an uns bzw. an unseren Webspace-Provider \u00fcbermittelt. Mit diesen sog. Server-Logfiles werden u.a. Typ und Version Ihres Internetbrowsers, das Betriebssystem, die Website, von der aus Sie auf unseren Internetauftritt gewechselt haben (Referrer URL), die Website(s) unseres Internetauftritts, die Sie besuchen, Datum und Uhrzeit des jeweiligen Zugriffs sowie die IP-Adresse des Internetanschlusses, von dem aus die Nutzung unseres Internetauftritts erfolgt, erhoben.<\/p>\n\n\n\n<p>Diese so erhobenen Daten werden vorr\u00fcbergehend gespeichert, dies jedoch nicht gemeinsam mit anderen Daten von Ihnen.<\/p>\n\n\n\n<p>Diese Speicherung erfolgt auf der Rechtsgrundlage von Art. 6 Abs. 1 lit. f) DSGVO. Unser berechtigtes Interesse liegt in der Verbesserung, Stabilit\u00e4t, Funktionalit\u00e4t und Sicherheit unseres Internetauftritts.<\/p>\n\n\n\n<p>Die Daten werden sp\u00e4testens nach sieben Tage wieder gel\u00f6scht, soweit keine weitere Aufbewahrung zu Beweiszwecken erforderlich ist. Andernfalls sind die Daten bis zur endg\u00fcltigen Kl\u00e4rung eines Vorfalls ganz oder teilweise von der L\u00f6schung ausgenommen.<\/p>\n\n\n\n<h4 class=\"wp-block-heading\">Vertragsabwicklung<\/h4>\n\n\n\n<p>Die von Ihnen zur Inanspruchnahme unseres Waren- und\/oder Dienstleistungsangebots \u00fcbermittelten Daten werden von uns zum Zwecke der Vertragsabwicklung verarbeitet und sind insoweit erforderlich. Vertragsschluss und Vertragsabwicklung sind ohne Bereitstellung Ihrer Daten nicht m\u00f6glich.<\/p>\n\n\n\n<p>Rechtsgrundlage f\u00fcr die Verarbeitung ist Art. 6 Abs. 1 lit. b) DSGVO.<\/p>\n\n\n\n<p>Wir l\u00f6schen die Daten mit vollst\u00e4ndiger Vertragsabwicklung, m\u00fcssen dabei aber die steuer- und handelsrechtlichen Aufbewahrungsfristen beachten.<\/p>\n\n\n\n<p>Im Rahmen der Vertragsabwicklung geben wir Ihre Daten an das mit der Warenlieferung beauftragte Transportunternehmen oder an den Finanzdienstleister weiter, soweit die Weitergabe zur Warenauslieferung oder zu Bezahlzwecken erforderlich ist.<\/p>\n\n\n\n<p>Rechtsgrundlage f\u00fcr die Weitergabe der Daten ist dann Art. 6 Abs. 1 lit. b) DSGVO.<\/p>\n\n\n\n<h4 class=\"wp-block-heading\">Kontaktanfragen \/ Kontaktm\u00f6glichkeit<\/h4>\n\n\n\n<p>Sofern Sie per Kontaktformular oder E-Mail mit uns in Kontakt treten, werden die dabei von Ihnen angegebenen Daten zur Bearbeitung Ihrer Anfrage genutzt. Die Angabe der Daten ist zur Bearbeitung und Beantwortung Ihre Anfrage erforderlich \u2013 ohne deren Bereitstellung k\u00f6nnen wir Ihre Anfrage nicht oder allenfalls eingeschr\u00e4nkt beantworten.<\/p>\n\n\n\n<p>Rechtsgrundlage f\u00fcr diese Verarbeitung ist Art. 6 Abs. 1 lit. b) DSGVO.<\/p>\n\n\n\n<p>Ihre Daten werden gel\u00f6scht, sofern Ihre Anfrage abschlie\u00dfend beantwortet worden ist und der L\u00f6schung keine gesetzlichen Aufbewahrungspflichten entgegenstehen, wie bspw. bei einer sich etwaig anschlie\u00dfenden Vertragsabwicklung.<\/p>\n\n\n\n<h4 class=\"wp-block-heading\">Verlinkung Social-Media \u00fcber Grafik oder Textlink<\/h4>\n\n\n\n<p>Wir bewerben auf unserer Webseite auch Pr\u00e4senzen auf den nachstehend aufgef\u00fchrten sozialen Netzwerken. Die Einbindung erfolgt dabei \u00fcber eine verlinkte Grafik des jeweiligen Netzwerks. Durch den Einsatz dieser verlinkten Grafik wird verhindert, dass es bei dem Aufruf einer Website, die \u00fcber eine Social-Media-Bewerbung verf\u00fcgt, automatisch zu einem Verbindungsaufbau zum jeweiligen Server des sozialen Netzwerks kommt, um eine Grafik des jeweiligen Netzwerkes selbst darzustellen. Erst durch einen Klick auf die entsprechende Grafik wird der Nutzer zu dem Dienst des jeweiligen sozialen Netzwerks weitergeleitet.<\/p>\n\n\n\n<p>Nach der Weiterleitung des Nutzers werden durch das jeweilige Netzwerk Informationen \u00fcber den Nutzer erfasst. Es kann hierbei nicht ausgeschlossen werden, dass eine Verarbeitung der so erhobenen&nbsp; Daten in den USA stattfindet.<\/p>\n\n\n\n<p>Dies sind zun\u00e4chst Daten wie IP-Adresse, Datum, Uhrzeit und besuchte Seite. Ist der Nutzer w\u00e4hrenddessen in seinem Benutzerkonto des jeweiligen Netzwerks eingeloggt, kann der Netzwerk-Betreiber ggf. die gesammelten Informationen des konkreten Besuchs des Nutzers dem pers\u00f6nlichen Account des Nutzers zuordnen. Interagiert der Nutzer \u00fcber einen \u201eTeilen\u201c-Button des jeweiligen Netzwerks, k\u00f6nnen diese Informationen in dem pers\u00f6nlichen Benutzerkonto des Nutzers gespeichert und ggf. ver\u00f6ffentlicht werden. Will der Nutzer verhindern, dass die gesammelten Informationen unmittelbar seinem Benutzerkonto zugeordnet werden, muss er sich vor dem Anklicken der Grafik ausloggen. Zudem besteht die M\u00f6glichkeit, das jeweilige Benutzerkonto entsprechend zu konfigurieren.<\/p>\n\n\n\n<p>Folgende soziale Netzwerke werden in unsere Seite durch Verlinkung eingebunden:<\/p>\n\n\n\n<h5 class=\"wp-block-heading\">Instagram<\/h5>\n\n\n\n<p>Facebook Ireland Limited, 4 Grand Canal Square, Dublin 2, Ireland, ein Tochterunternehmen der Facebook Inc., 1601 S. California Ave., Palo Alto, CA 94304, USA.<\/p>\n\n\n\n<p>Datenschutzerkl\u00e4rung:&nbsp;<a href=\"https:\/\/help.instagram.com\/519522125107875\" target=\"_blank\" rel=\"noreferrer noopener\">https:\/\/help.instagram.com\/519522125107875<\/a><\/p>\n\n\n\n<h4 class=\"wp-block-heading\">Management, Organisation und Hilfswerkzeuge<\/h4>\n\n\n\n<p>Wir setzen Dienstleistungen, Plattformen und Software anderer Anbieter (nachfolgend bezeichnet als \u201eDrittanbieter\u201d) zu Zwecken der Organisation, Verwaltung, Planung sowie Erbringung unserer Leistungen ein. Bei der Auswahl der Drittanbieter und ihrer Leistungen beachten wir die gesetzlichen Vorgaben.<\/p>\n\n\n\n<p>In diesem Rahmen k\u00f6nnen personenbezogenen Daten verarbeitet und auf den Servern der Drittanbieter gespeichert werden. Hiervon k\u00f6nnen diverse Daten betroffen sein, die wir entsprechend dieser Datenschutzerkl\u00e4rung verarbeiten. Zu diesen Daten k\u00f6nnen insbesondere Stammdaten und Kontaktdaten der Nutzer, Daten zu Vorg\u00e4ngen, Vertr\u00e4gen, sonstigen Prozessen und deren Inhalte geh\u00f6ren.<\/p>\n\n\n\n<p>Sofern Nutzer im Rahmen der Kommunikation, von Gesch\u00e4fts- oder anderen Beziehungen mit uns auf die Drittanbieter bzw. deren Software oder Plattformen verwiesen werden, k\u00f6nnen die Drittanbieter Nutzungsdaten und Metadaten zu Sicherheitszwecken, zur Serviceoptimierung oder zu Marketingzwecken verarbeiten. Wir bitten daher darum, die Datenschutzhinweise der jeweiligen Drittanbieter zu beachten.<\/p>\n\n\n\n<h5 class=\"wp-block-heading\"><strong>Hinweise zu Rechtsgrundlagen<\/strong><\/h5>\n\n\n\n<p>Sofern wir die Nutzer um deren Einwilligung in den Einsatz der Drittanbieter bitten, ist die Rechtsgrundlage der Verarbeitung von Daten die Einwilligung. Ferner kann deren Einsatz ein Bestandteil unserer (vor)vertraglichen Leistungen sein, sofern der Einsatz der Drittanbieter in diesem Rahmen vereinbart wurde. Ansonsten werden die Daten der Nutzer auf Grundlage unserer berechtigten Interessen (d.h. Interesse an effizienten, wirtschaftlichen und empf\u00e4ngerfreundlichen Leistungen) verarbeitet. In diesem Zusammenhang m\u00f6chten wir Sie auch auf die Informationen zur Verwendung von Cookies in dieser Datenschutzerkl\u00e4rung hinweisen.<\/p>\n\n\n\n<ul class=\"wp-block-list\">\n<li><strong>Verarbeitete Datenarten:<\/strong>&nbsp;Bestandsdaten (z.B. Namen, Adressen), Kontaktdaten (z.B. E-Mail, Telefonnummern), Inhaltsdaten (z.B. Eingaben in Onlineformularen), Nutzungsdaten (z.B. besuchte Webseiten, Interesse an Inhalten, Zugriffszeiten), Meta-\/Kommunikationsdaten (z.B. Ger\u00e4te-Informationen, IP-Adressen).<\/li>\n\n\n\n<li><strong>Betroffene Personen:<\/strong>&nbsp;Kommunikationspartner, Nutzer (z.B. Webseitenbesucher, Nutzer von Onlinediensten).<\/li>\n\n\n\n<li><strong>Zwecke der Verarbeitung:<\/strong>&nbsp;Kontaktanfragen und Kommunikation.<\/li>\n\n\n\n<li><strong>Rechtsgrundlagen:<\/strong>&nbsp;Einwilligung (Art. 6 Abs. 1 S. 1 lit. a. DSGVO), Vertragserf\u00fcllung und vorvertragliche Anfragen (Art. 6 Abs. 1 S. 1 lit. b. DSGVO), Berechtigte Interessen (Art. 6 Abs. 1 S. 1 lit. f. DSGVO).<\/li>\n<\/ul>\n\n\n\n<h5 class=\"wp-block-heading\"><strong>Eingesetzte Dienste und Diensteanbieter<\/strong><\/h5>\n\n\n\n<ul class=\"wp-block-list\">\n<li><strong>Trello:<\/strong>&nbsp;Projektmanagement-Tool; Dienstanbieter: Trello Inc., 55 Broadway New York, NY 10006, USA, Mutterunternehmen: Atlassian Inc. (San Francisco, Harrison Street Location), 1098 Harrison Street, San Francisco, California 94103, USA; Website:&nbsp;<a href=\"https:\/\/trello.com\/\">https:\/\/trello.com\/<\/a>; Datenschutzerkl\u00e4rung:&nbsp;<a href=\"https:\/\/trello.com\/privacy\">https:\/\/trello.com\/privacy<\/a>.<\/li>\n<\/ul>\n\n\n\n<h4 class=\"wp-block-heading\" id=\"m391\">Kommunikation via Messenger<\/h4>\n\n\n\n<p>Wir setzen zu Zwecken der Kommunikation Messenger ein und bitten daher darum, die nachfolgenden Hinweise zur Funktionsf\u00e4higkeit der Messenger, zur Verschl\u00fcsselung, zur Nutzung der Metadaten der Kommunikation und zu Ihren Widerspruchsm\u00f6glichkeiten zu beachten. Sie k\u00f6nnen uns auch auf alternativen Wegen, z.B. via Telefon oder E-Mail, kontaktieren. Bitte nutzen Sie die Ihnen mitgeteilten Kontaktm\u00f6glichkeiten oder die innerhalb unseres Onlineangebotes angegebenen Kontaktm\u00f6glichkeiten. Im Fall einer Ende-zu-Ende-Verschl\u00fcsselung von Inhalten (d.h., der Inhalt Ihrer Nachricht und Anh\u00e4nge) weisen wir darauf hin, dass die Kommunikationsinhalte (d.h., der Inhalt der Nachricht und angeh\u00e4ngte Bilder) von Ende zu Ende verschl\u00fcsselt werden. Das bedeutet, dass der Inhalt der Nachrichten nicht einsehbar ist, nicht einmal durch die Messenger-Anbieter selbst. Sie sollten immer eine aktuelle Version der Messenger mit aktivierter Verschl\u00fcsselung nutzen, damit die Verschl\u00fcsselung der Nachrichteninhalte sichergestellt ist. Wir weisen unsere Kommunikationspartner jedoch zus\u00e4tzlich darauf hin, dass die Anbieter der Messenger zwar nicht den Inhalt einsehen, aber in Erfahrung bringen k\u00f6nnen, dass und wann Kommunikationspartner mit uns kommunizieren sowie technische Informationen zum verwendeten Ger\u00e4t der Kommunikationspartner und je nach Einstellungen ihres Ger\u00e4tes auch Standortinformationen (sogenannte Metadaten) verarbeitet werden.<\/p>\n\n\n\n<h5 class=\"wp-block-heading\"><strong>Hinweise zu Rechtsgrundlagen<\/strong><\/h5>\n\n\n\n<p>Sofern wir Kommunikationspartner vor der Kommunikation mit ihnen via Messenger um eine Erlaubnis bitten, ist die Rechtsgrundlage unserer Verarbeitung ihrer Daten deren Einwilligung. Im \u00dcbrigen, falls wir nicht um eine Einwilligung bitten und sie z.B. von sich aus Kontakt mit uns aufnehmen, nutzen wir Messenger im Verh\u00e4ltnis zu unseren Vertragspartnern sowie im Rahmen der Vertragsanbahnung als eine vertragliche Ma\u00dfnahme und im Fall anderer Interessenten und Kommunikationspartner auf Grundlage unserer berechtigten Interessen an einer schnellen und effizienten Kommunikation und Erf\u00fcllung der Bed\u00fcrfnisse unser Kommunikationspartner an der Kommunikation via Messenger. Ferner weisen wir Sie darauf hin, dass wir die uns mitgeteilten Kontaktdaten ohne Ihre Einwilligung nicht erstmalig an die Messenger \u00fcbermitteln.<\/p>\n\n\n\n<h5 class=\"wp-block-heading\"><strong>Widerruf, Widerspruch und L\u00f6schung<\/strong><\/h5>\n\n\n\n<p>Sie k\u00f6nnen jederzeit eine erteilte Einwilligung widerrufen und der Kommunikation mit uns via Messenger jederzeit widersprechen. Im Fall der Kommunikation via Messenger l\u00f6schen wir die Nachrichten entsprechend unseren generellen L\u00f6schrichtlinien (d.h. z.B., wie oben beschrieben, nach Ende vertraglicher Beziehungen, im Kontext von Archivierungsvorgaben etc.) und sonst, sobald wir davon ausgehen k\u00f6nnen, etwaige Ausk\u00fcnfte der Kommunikationspartner beantwortet zu haben, wenn kein R\u00fcckbezug auf eine vorhergehende Konversation zu erwarten ist und der L\u00f6schung keine gesetzlichen Aufbewahrungspflichten entgegenstehen.<\/p>\n\n\n\n<h5 class=\"wp-block-heading\"><strong>Vorbehalt des Verweises auf andere Kommunikationswege<\/strong><\/h5>\n\n\n\n<p>Zum Abschluss m\u00f6chten wir darauf hinweisen, dass wir uns aus Gr\u00fcnden Ihrer Sicherheit vorbehalten, Anfragen \u00fcber Messenger nicht zu beantworten. Das ist der Fall, wenn z.B. Vertragsinterna besonderer Geheimhaltung bed\u00fcrfen oder eine Antwort \u00fcber Messenger den formellen Anspr\u00fcchen nicht gen\u00fcgt. In solchen F\u00e4llen verweisen wir Sie auf ad\u00e4quatere Kommunikationswege.<\/p>\n\n\n\n<ul class=\"wp-block-list\">\n<li><strong>Verarbeitete Datenarten:<\/strong>&nbsp;Kontaktdaten (z.B. E-Mail, Telefonnummern), Nutzungsdaten (z.B. besuchte Webseiten, Interesse an Inhalten, Zugriffszeiten), Meta-\/Kommunikationsdaten (z.B. Ger\u00e4te-Informationen, IP-Adressen), Inhaltsdaten (z.B. Eingaben in Onlineformularen).<\/li>\n\n\n\n<li><strong>Betroffene Personen:<\/strong>&nbsp;Kommunikationspartner.<\/li>\n\n\n\n<li><strong>Zwecke der Verarbeitung:<\/strong>&nbsp;Kontaktanfragen und Kommunikation, Direktmarketing (z.B. per E-Mail oder postalisch).<\/li>\n\n\n\n<li><strong>Rechtsgrundlagen:<\/strong>&nbsp;Einwilligung (Art. 6 Abs. 1 S. 1 lit. a. DSGVO), Berechtigte Interessen (Art. 6 Abs. 1 S. 1 lit. f. DSGVO).<\/li>\n<\/ul>\n\n\n\n<h5 class=\"wp-block-heading\"><strong>Eingesetzte Dienste und Diensteanbieter<\/strong><\/h5>\n\n\n\n<ul class=\"wp-block-list\">\n<li><strong>Telegram:<\/strong> Telegram Messenger mit Ende-zu-Ende-Verschl\u00fcsselung; Dienstanbieter: Telegram, Dubai; Website: <a href=\"https:\/\/telegram.org\/\" target=\"_blank\" rel=\"noreferrer noopener\">https:\/\/telegram.org\/<\/a>; Datenschutzerkl\u00e4rung:&nbsp;<a href=\"https:\/\/telegram.org\/privacy\" target=\"_blank\" rel=\"noreferrer noopener\">https:\/\/telegram.org\/privacy<\/a>.<\/li>\n<\/ul>\n\n\n\n<p>Datenschutzerkl\u00e4rung auf Basis der <a href=\"https:\/\/www.ratgeberrecht.eu\/leistungen\/muster-datenschutzerklaerung.html\" target=\"_blank\" rel=\"noreferrer noopener\">Muster-Datenschutzerkl\u00e4rung<\/a>&nbsp;der&nbsp;<a href=\"https:\/\/www.ratgeberrecht.eu\/\" target=\"_blank\" rel=\"noreferrer noopener\">Anwaltskanzlei Wei\u00df &amp; Partner<\/a><\/p>","protected":false},"excerpt":{"rendered":"<p>Datenschutzerkl\u00e4rung Personenbezogene Daten (nachfolgend zumeist nur \u201eDaten\u201c genannt) werden von uns nur im Rahmen der Erforderlichkeit sowie zum Zwecke der Bereitstellung eines funktionsf\u00e4higen und nutzerfreundlichen Internetauftritts, inklusive seiner Inhalte und der dort angebotenen Leistungen, verarbeitet. Gem\u00e4\u00df Art. 4 Ziffer 1. der Verordnung (EU) 2016\/679, also der Datenschutz-Grundverordnung (nachfolgend nur \u201eDSGVO\u201c genannt), gilt als \u201eVerarbeitung\u201c jeder [&hellip;]<\/p>\n","protected":false},"author":3,"featured_media":0,"parent":0,"menu_order":0,"comment_status":"closed","ping_status":"closed","template":"","meta":{"_themeisle_gutenberg_block_has_review":false,"footnotes":""},"class_list":["post-395","page","type-page","status-publish","hentry"],"_links":{"self":[{"href":"https:\/\/fellowbeasts.de\/en\/wp-json\/wp\/v2\/pages\/395","targetHints":{"allow":["GET"]}}],"collection":[{"href":"https:\/\/fellowbeasts.de\/en\/wp-json\/wp\/v2\/pages"}],"about":[{"href":"https:\/\/fellowbeasts.de\/en\/wp-json\/wp\/v2\/types\/page"}],"author":[{"embeddable":true,"href":"https:\/\/fellowbeasts.de\/en\/wp-json\/wp\/v2\/users\/3"}],"replies":[{"embeddable":true,"href":"https:\/\/fellowbeasts.de\/en\/wp-json\/wp\/v2\/comments?post=395"}],"version-history":[{"count":5,"href":"https:\/\/fellowbeasts.de\/en\/wp-json\/wp\/v2\/pages\/395\/revisions"}],"predecessor-version":[{"id":548,"href":"https:\/\/fellowbeasts.de\/en\/wp-json\/wp\/v2\/pages\/395\/revisions\/548"}],"wp:attachment":[{"href":"https:\/\/fellowbeasts.de\/en\/wp-json\/wp\/v2\/media?parent=395"}],"curies":[{"name":"wp","href":"https:\/\/api.w.org\/{rel}","templated":true}]}}