{"id":21,"date":"2023-09-27T19:36:51","date_gmt":"2023-09-27T17:36:51","guid":{"rendered":"https:\/\/fellowbeasts.de\/?page_id=21"},"modified":"2025-10-28T22:41:00","modified_gmt":"2025-10-28T21:41:00","slug":"commissions","status":"publish","type":"page","link":"https:\/\/fellowbeasts.de\/en\/commissions\/","title":{"rendered":"Commissions"},"content":{"rendered":"<h2 class=\"wp-block-heading\">I currently do not accept any form of commission.<\/h2>\n\n\n\n<p>Making money with my workshop is a big dream of mine. But my current job situation doesn't allow it. Until I graduate and register my workshop as a business, Fellow Beasts will remain a private project.<\/p>","protected":false},"excerpt":{"rendered":"<p>Aktuell nehme ich keine Auftr\u00e4ge an. Mit meiner Werkstatt Geld zu verdienen ist ein gro\u00dfer Traum von mir. Doch meine aktuelle Arbeitssituation l\u00e4sst das nicht zu. Bis mein Studium abgeschlossen ist und ich meine Werkstatt zum Gewerbe angemeltet habe, bleibt Fellow Beasts ein privates Projekt.<\/p>","protected":false},"author":3,"featured_media":0,"parent":0,"menu_order":0,"comment_status":"closed","ping_status":"closed","template":"","meta":{"_themeisle_gutenberg_block_has_review":false,"footnotes":""},"class_list":["post-21","page","type-page","status-publish","hentry"],"_links":{"self":[{"href":"https:\/\/fellowbeasts.de\/en\/wp-json\/wp\/v2\/pages\/21","targetHints":{"allow":["GET"]}}],"collection":[{"href":"https:\/\/fellowbeasts.de\/en\/wp-json\/wp\/v2\/pages"}],"about":[{"href":"https:\/\/fellowbeasts.de\/en\/wp-json\/wp\/v2\/types\/page"}],"author":[{"embeddable":true,"href":"https:\/\/fellowbeasts.de\/en\/wp-json\/wp\/v2\/users\/3"}],"replies":[{"embeddable":true,"href":"https:\/\/fellowbeasts.de\/en\/wp-json\/wp\/v2\/comments?post=21"}],"version-history":[{"count":7,"href":"https:\/\/fellowbeasts.de\/en\/wp-json\/wp\/v2\/pages\/21\/revisions"}],"predecessor-version":[{"id":542,"href":"https:\/\/fellowbeasts.de\/en\/wp-json\/wp\/v2\/pages\/21\/revisions\/542"}],"wp:attachment":[{"href":"https:\/\/fellowbeasts.de\/en\/wp-json\/wp\/v2\/media?parent=21"}],"curies":[{"name":"wp","href":"https:\/\/api.w.org\/{rel}","templated":true}]}}