{"id":20,"date":"2023-09-27T19:37:07","date_gmt":"2023-09-27T17:37:07","guid":{"rendered":"https:\/\/fellowbeasts.de\/?page_id=20"},"modified":"2025-08-20T18:43:25","modified_gmt":"2025-08-20T16:43:25","slug":"about-me","status":"publish","type":"page","link":"https:\/\/fellowbeasts.de\/en\/about-me\/","title":{"rendered":"About me"},"content":{"rendered":"<hr class=\"wp-block-separator has-alpha-channel-opacity\"\/>\n\n\n\n<p><\/p>\n\n\n\n<div class=\"wp-block-columns is-layout-flex wp-container-core-columns-is-layout-28f84493 wp-block-columns-is-layout-flex\">\n<div class=\"wp-block-column is-layout-flow wp-block-column-is-layout-flow\" style=\"flex-basis:100%\">\n<div class=\"wp-block-media-text has-media-on-the-right is-stacked-on-mobile is-vertically-aligned-center has-raft-bg-color has-raft-fg-background-color has-text-color has-background\" style=\"grid-template-columns:auto 37%\"><div class=\"wp-block-media-text__content\">\n<p class=\"has-text-align-left\">Gria\u00df danand! I'm Paro, a fursuit maker from southern Germany. I discovered the furry fandom at the end of 2019 and quickly became passionate about building fursuits. What started as a small project\u2014back then I sewed my fursuit with just a needle and thread in my bedroom\u2014quickly developed into my own fursuit workshop! I'm now the proud owner of various professional equipment, such as industrial sewing and embroidery machines. This allows me to create particularly high-quality and durable fursuits. I'm currently studying Mechatronics and operate Fellow Beasts as a Hobby.<\/p>\n<\/div><figure class=\"wp-block-media-text__media\"><img loading=\"lazy\" decoding=\"async\" width=\"866\" height=\"1024\" src=\"https:\/\/fellowbeasts.de\/wp-content\/uploads\/2025\/02\/CydoParo-2024-09-18___15-14-50-1-866x1024.jpg\" alt=\"\" class=\"wp-image-493 size-full\" srcset=\"https:\/\/fellowbeasts.de\/wp-content\/uploads\/2025\/02\/CydoParo-2024-09-18___15-14-50-1-866x1024.jpg 866w, https:\/\/fellowbeasts.de\/wp-content\/uploads\/2025\/02\/CydoParo-2024-09-18___15-14-50-1-254x300.jpg 254w, https:\/\/fellowbeasts.de\/wp-content\/uploads\/2025\/02\/CydoParo-2024-09-18___15-14-50-1-768x908.jpg 768w, https:\/\/fellowbeasts.de\/wp-content\/uploads\/2025\/02\/CydoParo-2024-09-18___15-14-50-1-1299x1536.jpg 1299w, https:\/\/fellowbeasts.de\/wp-content\/uploads\/2025\/02\/CydoParo-2024-09-18___15-14-50-1-1733x2048.jpg 1733w, https:\/\/fellowbeasts.de\/wp-content\/uploads\/2025\/02\/CydoParo-2024-09-18___15-14-50-1-10x12.jpg 10w\" sizes=\"auto, (max-width: 866px) 100vw, 866px\" \/><\/figure><\/div>\n\n\n\n<p><\/p>\n<\/div>\n<\/div>","protected":false},"excerpt":{"rendered":"<p>Gria\u00df danand! Ich bin Paro, ein Fursuit Maker aus dem S\u00fcden Deutschlands. Ende 2019 bin ich auf das Furry Fandom gesto\u00dfen und habe mich schnell f\u00fcr den Bau von Fursuits begeistert. Was aber als kleines Projekt begann, damals n\u00e4hte ich meinen Fursuit nur mit Nadel und Faden in meinem Schlafzimmer, entwickelte sich schnell zu einer [&hellip;]<\/p>\n","protected":false},"author":3,"featured_media":0,"parent":0,"menu_order":0,"comment_status":"closed","ping_status":"closed","template":"","meta":{"_themeisle_gutenberg_block_has_review":false,"footnotes":""},"class_list":["post-20","page","type-page","status-publish","hentry"],"_links":{"self":[{"href":"https:\/\/fellowbeasts.de\/en\/wp-json\/wp\/v2\/pages\/20","targetHints":{"allow":["GET"]}}],"collection":[{"href":"https:\/\/fellowbeasts.de\/en\/wp-json\/wp\/v2\/pages"}],"about":[{"href":"https:\/\/fellowbeasts.de\/en\/wp-json\/wp\/v2\/types\/page"}],"author":[{"embeddable":true,"href":"https:\/\/fellowbeasts.de\/en\/wp-json\/wp\/v2\/users\/3"}],"replies":[{"embeddable":true,"href":"https:\/\/fellowbeasts.de\/en\/wp-json\/wp\/v2\/comments?post=20"}],"version-history":[{"count":14,"href":"https:\/\/fellowbeasts.de\/en\/wp-json\/wp\/v2\/pages\/20\/revisions"}],"predecessor-version":[{"id":517,"href":"https:\/\/fellowbeasts.de\/en\/wp-json\/wp\/v2\/pages\/20\/revisions\/517"}],"wp:attachment":[{"href":"https:\/\/fellowbeasts.de\/en\/wp-json\/wp\/v2\/media?parent=20"}],"curies":[{"name":"wp","href":"https:\/\/api.w.org\/{rel}","templated":true}]}}